{"id":1572,"date":"2024-09-27T20:17:15","date_gmt":"2024-09-27T18:17:15","guid":{"rendered":"http:\/\/motomation.de\/wordpress\/?page_id=1572"},"modified":"2024-10-18T16:13:18","modified_gmt":"2024-10-18T14:13:18","slug":"laboratory","status":"publish","type":"page","link":"https:\/\/motomation.com\/wordpress\/laboratory\/","title":{"rendered":"Laboratory"},"content":{"rendered":"\n<figure class=\"wp-block-video\"><video height=\"720\" style=\"aspect-ratio: 1280 \/ 720;\" width=\"1280\" autoplay loop src=\"https:\/\/motomation.com\/wordpress\/wp-content\/uploads\/2024\/10\/Labormaschine_S.mp4\"><\/video><\/figure>\n\n\n\n<div class=\"wp-block-columns is-layout-flex wp-container-core-columns-is-layout-28f84493 wp-block-columns-is-layout-flex\">\n<div class=\"wp-block-column is-layout-flow wp-block-column-is-layout-flow\" style=\"flex-basis:33.33%\">\n<figure class=\"wp-block-image size-full\"><img loading=\"lazy\" decoding=\"async\" width=\"754\" height=\"468\" src=\"https:\/\/motomation.com\/wordpress\/wp-content\/uploads\/2024\/09\/laboratory1.png\" alt=\"\" class=\"wp-image-1576\" srcset=\"https:\/\/motomation.com\/wordpress\/wp-content\/uploads\/2024\/09\/laboratory1.png 754w, https:\/\/motomation.com\/wordpress\/wp-content\/uploads\/2024\/09\/laboratory1-600x372.png 600w, https:\/\/motomation.com\/wordpress\/wp-content\/uploads\/2024\/09\/laboratory1-300x186.png 300w\" sizes=\"auto, (max-width: 754px) 100vw, 754px\" \/><\/figure>\n<\/div>\n\n\n\n<div class=\"wp-block-column is-layout-flow wp-block-column-is-layout-flow\" style=\"flex-basis:66.66%\">\n<p>Als Spezialist f\u00fcr Automatisierungs-Aufgaben in sauberen und sterilen Umgebungen begleiten wir unsere Kunden \u00fcber den gesamten Entwicklungszyklus Ihrer Systeme bis hin zur Serienreife.<br>F\u00fcr die Automatisierung erster Prototypen benutzen wir standardisierte Komponenten, in erster Linie COBOTs, die schnell realisierbare und skalierbare L\u00f6sungen erm\u00f6glichen. Diese sind zum Teil noch halbautomatisch und erlauben u.a. auch das sichere neben- und miteinander Arbeiten von Mensch (Bediener) und Roboter.<br>Bei mittleren St\u00fcckzahlen basieren unsere L\u00f6sungen in erster Linie auf Standard-Robotersystemen w\u00e4hrend wir f\u00fcr sehr gro\u00dfe St\u00fcckzahlen produkt- und kundenspezifische Systeme entwickeln und realisieren.<\/p>\n<\/div>\n<\/div>\n\n\n\n<div class=\"wp-block-columns is-layout-flex wp-container-core-columns-is-layout-28f84493 wp-block-columns-is-layout-flex\">\n<div class=\"wp-block-column is-layout-flow wp-block-column-is-layout-flow\" style=\"flex-basis:33.33%\">\n<figure class=\"wp-block-image size-full\"><img loading=\"lazy\" decoding=\"async\" width=\"587\" height=\"659\" src=\"https:\/\/motomation.com\/wordpress\/wp-content\/uploads\/2024\/09\/laboratory2.png\" alt=\"\" class=\"wp-image-1577\" srcset=\"https:\/\/motomation.com\/wordpress\/wp-content\/uploads\/2024\/09\/laboratory2.png 587w, https:\/\/motomation.com\/wordpress\/wp-content\/uploads\/2024\/09\/laboratory2-267x300.png 267w\" sizes=\"auto, (max-width: 587px) 100vw, 587px\" \/><\/figure>\n<\/div>\n\n\n\n<div class=\"wp-block-column is-layout-flow wp-block-column-is-layout-flow\" style=\"flex-basis:66.66%\">\n<p>As a Specialist for Automation in Clean and Sterile Environments, we accompany our customers throughout the entire product development cycle of their systems up to series-production readiness.<br>For the automation of first prototypes, we use standardized components, mainly COBOTs, which allow the realization of fast and scalable solutions. These solutions are to some extent semi-automated. Which enable, among other advantages, a safe interaction of operator and robot.<br>Our solutions for medium volumes are mainly based on standard robots, while we develop and realize for large volumes product specific and customized systems.<br>(Currently only available in Austria, Germany and Switzerland.)<\/p>\n<\/div>\n<\/div>\n\n\n\n<p><\/p>\n\n\n\n<p><\/p>\n","protected":false},"excerpt":{"rendered":"<p>Als Spezialist f\u00fcr Automatisierungs-Aufgaben in sauberen und sterilen Umgebungen begleiten wir unsere Kunden \u00fcber den gesamten Entwicklungszyklus Ihrer Systeme bis hin zur Serienreife.F\u00fcr die Automatisierung erster Prototypen benutzen wir standardisierte Komponenten, in erster Linie COBOTs, die schnell realisierbare und skalierbare L\u00f6sungen erm\u00f6glichen. Diese sind zum Teil noch halbautomatisch und erlauben u.a. auch das sichere neben- [&hellip;]<\/p>\n","protected":false},"author":1,"featured_media":0,"parent":0,"menu_order":0,"comment_status":"closed","ping_status":"closed","template":"","meta":{"advgb_blocks_editor_width":"","advgb_blocks_columns_visual_guide":"","footnotes":""},"class_list":["post-1572","page","type-page","status-publish","hentry"],"coauthors":[],"author_meta":{"author_link":"https:\/\/motomation.com\/wordpress\/author\/admin\/","display_name":"admin"},"relative_dates":{"created":"Posted 2 years ago","modified":"Updated 1 year ago"},"absolute_dates":{"created":"Posted on 27. September 2024","modified":"Updated on 18. October 2024"},"absolute_dates_time":{"created":"Posted on 27. September 2024 20:17","modified":"Updated on 18. October 2024 16:13"},"featured_img_caption":"","featured_img":false,"series_order":"","_links":{"self":[{"href":"https:\/\/motomation.com\/wordpress\/wp-json\/wp\/v2\/pages\/1572","targetHints":{"allow":["GET"]}}],"collection":[{"href":"https:\/\/motomation.com\/wordpress\/wp-json\/wp\/v2\/pages"}],"about":[{"href":"https:\/\/motomation.com\/wordpress\/wp-json\/wp\/v2\/types\/page"}],"author":[{"embeddable":true,"href":"https:\/\/motomation.com\/wordpress\/wp-json\/wp\/v2\/users\/1"}],"replies":[{"embeddable":true,"href":"https:\/\/motomation.com\/wordpress\/wp-json\/wp\/v2\/comments?post=1572"}],"version-history":[{"count":21,"href":"https:\/\/motomation.com\/wordpress\/wp-json\/wp\/v2\/pages\/1572\/revisions"}],"predecessor-version":[{"id":1954,"href":"https:\/\/motomation.com\/wordpress\/wp-json\/wp\/v2\/pages\/1572\/revisions\/1954"}],"wp:attachment":[{"href":"https:\/\/motomation.com\/wordpress\/wp-json\/wp\/v2\/media?parent=1572"}],"curies":[{"name":"wp","href":"https:\/\/api.w.org\/{rel}","templated":true}]}}