{"id":1858,"date":"2024-10-17T14:40:11","date_gmt":"2024-10-17T12:40:11","guid":{"rendered":"http:\/\/motomation.de\/wordpress\/?page_id=1858"},"modified":"2024-10-17T19:36:39","modified_gmt":"2024-10-17T17:36:39","slug":"service-techniker-robotik-automatisierung-m-w-d","status":"publish","type":"page","link":"https:\/\/motomation.com\/wordpress\/company\/careers\/service-techniker-robotik-automatisierung-m-w-d\/","title":{"rendered":"Service-Techniker Robotik\/Automatisierung (m\/w\/d)"},"content":{"rendered":"\n<p>Zur Verst\u00e4rkung unseres Teams in Kaarst bei Neuss suchen wir zum n\u00e4chstm\u00f6glichen Zeitpunkt einen<\/p>\n\n\n\n<h3 class=\"wp-block-heading\">Service-Mitarbeiter Robotik und Automatisierung (m\/w\/d)<\/h3>\n\n\n\n<h4 class=\"wp-block-heading\">Warum Sie sich f\u00fcr uns entscheiden sollten:<\/h4>\n\n\n\n<p>Flexible Arbeitszeiten immer unter Ber\u00fccksichtigung einer perfekten Work-Life-Balance<br>Ein intensives Einarbeitungsprogramm, am Standort und bei unseren internationalen Partnern<br>Flache Hierarchien, kurze Entscheidungswege, viel Raum f\u00fcr Eigeninitiative<br>gro\u00dfes Vertrauen in unsere Angestellten<br>Interessante fachliche und pers\u00f6nliche Weiterbildungsangebote<br>Dynamisches Team<br>Arbeit an Hightech-Maschinen unter Nutzung der modernen Infrastruktur<br>unbefristete Festanstellung mit einem attraktiven Verg\u00fctungspaket<\/p>\n\n\n\n<h4 class=\"wp-block-heading\">Was wir von Ihnen erwarten:<\/h4>\n\n\n\n<p>Technische Unterst\u00fctzung unserer Kunden in allen kommerziellen Phasen<br>Troubleshooting remote und beim Kunden: Identifikation von Ursache und Reparatur<br>Durchf\u00fchrung von Reparaturen und \u00dcberholungen am Standort Meerbusch<br>Kundenbetreuung am Standort des Kunden und Rufbereitschaft<br>Unterst\u00fctzung des Ersatzteilgesch\u00e4ftes<br>Durchf\u00fchrung von Kundenschulungen<\/p>\n\n\n\n<h4 class=\"wp-block-heading\">Was Sie mitbringen:<\/h4>\n\n\n\n<p>Gute Kenntnisse in den Bereichen Elektronik und Mechanik<br>Techniker- oder Meisterabschluss (Mechatronik, Elektrotechnik, Maschinenbau\/Feinwerktechnik oder in einer \u00e4hnlichen technischen Fachrichtung)<br>Kommunikationsf\u00e4higkeit in einem internationalen Umfeld, Austausch mit Kunden, Zulieferern und Kollegen<br>Gute englische Sprachkenntnisse, k\u00f6nnen individuell gef\u00f6rdert werden<br>Relevante Berufserfahrung im operativen Service\/Kundendienst von elektromechanischen Systemen und Komponenten im Industrieanlagenbereich<br>idealerweise Erfahrung im Bereich Halbleiterindustrie und Robotik<br>Reisebereitschaft bis zu 50% der Arbeitszeit, situativ weniger<br>Bereitschaft abteilungs\u00fcbergreifend zu arbeiten<br>Freude an einer \u00fcberregionalen T\u00e4tigkeit<br>Teamf\u00e4higkeit, Flexibilit\u00e4t und Eigeninitiative (\u201eMitgestalten erw\u00fcnscht\u201c)<br>Motivation zur eigenverantwortlichen Aufgaben\u00fcbernahme und Arbeitsabwicklung<br>F\u00fchrerschein Klasse B<\/p>\n\n\n\n<h4 class=\"wp-block-heading\"><\/h4>\n\n\n\n<p>Wir freuen uns auf Bewerbungen von Pers\u00f6nlichkeiten mit Engagement und Englischkenntnissen:<br>AES motomation GmbH<br>D\u00fcsselstr. 8A<br>41564 Kaarst<br>Tel. +49 (0) 2131 776810<br><a href=\"mailto:resume@motomation.com\">resume@motomation.com<\/a><\/p>\n","protected":false},"excerpt":{"rendered":"<p>Zur Verst\u00e4rkung unseres Teams in Kaarst bei Neuss suchen wir zum n\u00e4chstm\u00f6glichen Zeitpunkt einen Service-Mitarbeiter Robotik und Automatisierung (m\/w\/d) Warum Sie sich f\u00fcr uns entscheiden sollten: Flexible Arbeitszeiten immer unter Ber\u00fccksichtigung einer perfekten Work-Life-BalanceEin intensives Einarbeitungsprogramm, am Standort und bei unseren internationalen PartnernFlache Hierarchien, kurze Entscheidungswege, viel Raum f\u00fcr Eigeninitiativegro\u00dfes Vertrauen in unsere AngestelltenInteressante fachliche [&hellip;]<\/p>\n","protected":false},"author":1,"featured_media":0,"parent":43,"menu_order":0,"comment_status":"closed","ping_status":"closed","template":"","meta":{"advgb_blocks_editor_width":"","advgb_blocks_columns_visual_guide":"","footnotes":""},"class_list":["post-1858","page","type-page","status-publish","hentry"],"coauthors":[],"author_meta":{"author_link":"https:\/\/motomation.com\/wordpress\/author\/admin\/","display_name":"admin"},"relative_dates":{"created":"Posted 1 year ago","modified":"Updated 1 year ago"},"absolute_dates":{"created":"Posted on 17. October 2024","modified":"Updated on 17. October 2024"},"absolute_dates_time":{"created":"Posted on 17. October 2024 14:40","modified":"Updated on 17. October 2024 19:36"},"featured_img_caption":"","featured_img":false,"series_order":"","_links":{"self":[{"href":"https:\/\/motomation.com\/wordpress\/wp-json\/wp\/v2\/pages\/1858","targetHints":{"allow":["GET"]}}],"collection":[{"href":"https:\/\/motomation.com\/wordpress\/wp-json\/wp\/v2\/pages"}],"about":[{"href":"https:\/\/motomation.com\/wordpress\/wp-json\/wp\/v2\/types\/page"}],"author":[{"embeddable":true,"href":"https:\/\/motomation.com\/wordpress\/wp-json\/wp\/v2\/users\/1"}],"replies":[{"embeddable":true,"href":"https:\/\/motomation.com\/wordpress\/wp-json\/wp\/v2\/comments?post=1858"}],"version-history":[{"count":5,"href":"https:\/\/motomation.com\/wordpress\/wp-json\/wp\/v2\/pages\/1858\/revisions"}],"predecessor-version":[{"id":1914,"href":"https:\/\/motomation.com\/wordpress\/wp-json\/wp\/v2\/pages\/1858\/revisions\/1914"}],"up":[{"embeddable":true,"href":"https:\/\/motomation.com\/wordpress\/wp-json\/wp\/v2\/pages\/43"}],"wp:attachment":[{"href":"https:\/\/motomation.com\/wordpress\/wp-json\/wp\/v2\/media?parent=1858"}],"curies":[{"name":"wp","href":"https:\/\/api.w.org\/{rel}","templated":true}]}}