{"id":1862,"date":"2024-10-17T14:41:31","date_gmt":"2024-10-17T12:41:31","guid":{"rendered":"http:\/\/motomation.de\/wordpress\/?page_id=1862"},"modified":"2024-10-17T19:37:30","modified_gmt":"2024-10-17T17:37:30","slug":"entwicklungs-und-appllikations-ingenieure-m-w-d","status":"publish","type":"page","link":"https:\/\/motomation.com\/wordpress\/company\/careers\/entwicklungs-und-appllikations-ingenieure-m-w-d\/","title":{"rendered":"Entwicklungs- und Appllikations-Ingenieure (m\/w\/d)"},"content":{"rendered":"\n<p>Zur Verst\u00e4rkung unseres Teams in Kaarst bei Neuss suchen wir zum n\u00e4chstm\u00f6glichen Zeitpunkt einen<\/p>\n\n\n\n<h3 class=\"wp-block-heading\">Entwicklings- und Applikations-Ingenieuere (m\/w\/d)<\/h3>\n\n\n\n<h4 class=\"wp-block-heading\">Warum Sie sich f\u00fcr uns entscheiden sollten:<\/h4>\n\n\n\n<p>Flexible Arbeitszeiten immer unter Ber\u00fccksichtigung einer perfekten Work-Life-Balance<br>Ein intensives Einarbeitungsprogramm, am Standort und bei unseren internationalen Partnern<br>Flache Hierarchien, kurze Entscheidungswege, viel Raum f\u00fcr Eigeninitiative<br>gro\u00dfes Vertrauen in unsere Angestellten<br>Interessante fachliche und pers\u00f6nliche Weiterbildungsangebote<br>Dynamisches Team<br>Arbeit an Hightech-Maschinen unter Nutzung der modernen Infrastruktur<br>unbefristete Festanstellung mit einem attraktiven Verg\u00fctungspaket<\/p>\n\n\n\n<h4 class=\"wp-block-heading\">Ihre Aufgaben:<\/h4>\n\n\n\n<p>Technische Betreuung unserer Kunden im Rahmen unserer Entwicklungsprojekte<br>Software- und Hardware-Entwicklungen im Bereich Robotik und Handling<br>Verantwortliche Betreuung von Testinstallationen und Systemqualifizierungen bei unseren internationalen Kunden<br>\u00dcbernahme von Service- und Schulungsaufgaben einschliesslich 24\/7 Telefonunterst\u00fctzung<br>Mitarbeit bei internationalen Projekten in Kooperation mit unseren japanischen und amerikanischen Kollegen<\/p>\n\n\n\n<h4 class=\"wp-block-heading\">Ihr Profil:<\/h4>\n\n\n\n<p>einen erfolgreichen Abschluss eines technischen Studiums (von Vorteil ist eine zus\u00e4tzliche Ausbildung im Metall- bzw. Elektrogewerbe)<br>gute EDV- und Progammierkenntnisse (NT und C++)<br>Gute Englisch-Kenntnisse, Kommunikationsf\u00e4higkeit sowie selbstst\u00e4ndiges als auch teamorientiertes Arbeiten<br>\u00fcberdurchschnittliches Engagement und Flexibilit\u00e4t<\/p>\n\n\n\n<h4 class=\"wp-block-heading\"><\/h4>\n\n\n\n<p>Wir freuen uns auf Bewerbungen von Pers\u00f6nlichkeiten mit Engagement und Englischkenntnissen:<br>AES motomation GmbH<br>D\u00fcsselstr. 8A<br>41564 Kaarst<br>Tel. +49 (0) 2131 776810<br><a href=\"mailto:resume@motomation.com\">resume@motomation.com<\/a><\/p>\n","protected":false},"excerpt":{"rendered":"<p>Zur Verst\u00e4rkung unseres Teams in Kaarst bei Neuss suchen wir zum n\u00e4chstm\u00f6glichen Zeitpunkt einen Entwicklings- und Applikations-Ingenieuere (m\/w\/d) Warum Sie sich f\u00fcr uns entscheiden sollten: Flexible Arbeitszeiten immer unter Ber\u00fccksichtigung einer perfekten Work-Life-BalanceEin intensives Einarbeitungsprogramm, am Standort und bei unseren internationalen PartnernFlache Hierarchien, kurze Entscheidungswege, viel Raum f\u00fcr Eigeninitiativegro\u00dfes Vertrauen in unsere AngestelltenInteressante fachliche und [&hellip;]<\/p>\n","protected":false},"author":1,"featured_media":0,"parent":43,"menu_order":0,"comment_status":"closed","ping_status":"closed","template":"","meta":{"advgb_blocks_editor_width":"","advgb_blocks_columns_visual_guide":"","footnotes":""},"class_list":["post-1862","page","type-page","status-publish","hentry"],"coauthors":[],"author_meta":{"author_link":"https:\/\/motomation.com\/wordpress\/author\/admin\/","display_name":"admin"},"relative_dates":{"created":"Posted 1 year ago","modified":"Updated 1 year ago"},"absolute_dates":{"created":"Posted on 17. October 2024","modified":"Updated on 17. October 2024"},"absolute_dates_time":{"created":"Posted on 17. October 2024 14:41","modified":"Updated on 17. October 2024 19:37"},"featured_img_caption":"","featured_img":false,"series_order":"","_links":{"self":[{"href":"https:\/\/motomation.com\/wordpress\/wp-json\/wp\/v2\/pages\/1862","targetHints":{"allow":["GET"]}}],"collection":[{"href":"https:\/\/motomation.com\/wordpress\/wp-json\/wp\/v2\/pages"}],"about":[{"href":"https:\/\/motomation.com\/wordpress\/wp-json\/wp\/v2\/types\/page"}],"author":[{"embeddable":true,"href":"https:\/\/motomation.com\/wordpress\/wp-json\/wp\/v2\/users\/1"}],"replies":[{"embeddable":true,"href":"https:\/\/motomation.com\/wordpress\/wp-json\/wp\/v2\/comments?post=1862"}],"version-history":[{"count":5,"href":"https:\/\/motomation.com\/wordpress\/wp-json\/wp\/v2\/pages\/1862\/revisions"}],"predecessor-version":[{"id":1916,"href":"https:\/\/motomation.com\/wordpress\/wp-json\/wp\/v2\/pages\/1862\/revisions\/1916"}],"up":[{"embeddable":true,"href":"https:\/\/motomation.com\/wordpress\/wp-json\/wp\/v2\/pages\/43"}],"wp:attachment":[{"href":"https:\/\/motomation.com\/wordpress\/wp-json\/wp\/v2\/media?parent=1862"}],"curies":[{"name":"wp","href":"https:\/\/api.w.org\/{rel}","templated":true}]}}